{"id":5575,"date":"2017-02-15T11:35:10","date_gmt":"2017-02-15T11:35:10","guid":{"rendered":"https:\/\/wp.nic.do\/?page_id=5575"},"modified":"2024-05-24T19:29:57","modified_gmt":"2024-05-24T19:29:57","slug":"solucion-de-controversias","status":"publish","type":"page","link":"https:\/\/www.nic.do\/en\/policies\/dispute-resolution\/","title":{"rendered":"Dispute Resolution Policy"},"content":{"rendered":"<div class=\"wpb-content-wrapper\">[mk_page_section bg_color=&#8221;#ededed&#8221; blend_mode=&#8221;multiply&#8221; bg_repeat=&#8221;no-repeat&#8221; bg_stretch=&#8221;true&#8221; video_opacity=&#8221;0.9&#8243; min_height=&#8221;0&#8243; js_vertical_centered=&#8221;true&#8221; padding_top=&#8221;0&#8243; padding_bottom=&#8221;0&#8243; sidebar=&#8221;sidebar-1&#8243;][vc_column][mk_padding_divider size=&#8221;60&#8243;][mk_fancy_title tag_name=&#8221;h1&#8243; size=&#8221;35&#8243; line_height=&#8221;95&#8243; font_weight=&#8221;bold&#8221; txt_transform=&#8221;uppercase&#8221; margin_bottom=&#8221;0&#8243; font_family=&#8221;none&#8221;]Dispute Resolution\u00a0Policy[\/mk_fancy_title][mk_padding_divider][\/vc_column][\/mk_page_section][vc_row][vc_column][mk_padding_divider size=&#8221;60&#8243;][\/vc_column][\/vc_row][vc_row][vc_column][mk_message_box]<strong>Note:<\/strong> This policy has been established in Spanish.[\/mk_message_box][mk_padding_divider size=&#8221;20&#8243;][vc_column_text disable_pattern=&#8221;false&#8221; margin_bottom=&#8221;40&#8243; css=&#8221;.vc_custom_1716578990000{margin-bottom: 40px !important;}&#8221;]<strong>Fecha de entrada en vigencia: 6 de octubre del 2009<\/strong><\/p>\n<p><strong>\u00daltima modificaci\u00f3n: 23 de abril del 2024, en vigencia a partir del 24 de mayo del 2024<\/strong><\/p>\n<p><strong>\u00a0<\/strong><\/p>\n<ol>\n<li><strong> OBJETIVO<\/strong><\/li>\n<\/ol>\n<p style=\"padding-left: 40px;\">La presente Pol\u00edtica de soluci\u00f3n de controversias en materia de nombres de dominio para .DO (la \u201cPol\u00edtica\u201d) ha sido aprobada por la Pontificia Universidad Cat\u00f3lica Madre y Maestra en su calidad de Administradora de Nombres de Dominio de Internet .DO (NIC .DO) (Registro Operador y actualmente \u00fanico registrador), se incorpora mediante referencia en su acuerdo de registro y establece los t\u00e9rminos y las condiciones en relaci\u00f3n con una controversia que surja entre el Titular de un nombre de dominio y cualquier otra parte distinta a la nuestra (NIC .DO), sobre el registro y utilizaci\u00f3n de un nombre de dominio de Internet registrado bajo .DO.<\/p>\n<p style=\"padding-left: 40px;\">El procedimiento establecido en virtud del p\u00e1rrafo\u00a04 de la presente Pol\u00edtica se llevar\u00e1 a cabo de conformidad con el Reglamento de la Pol\u00edtica de soluci\u00f3n de controversias en materia de nombres de dominio para .DO (el \u201cReglamento\u201d), disponible en <a href=\"https:\/\/www.nic.do\/politicas\/reglamento-de-la-politica-de-solucion-de-controversias\/\">https:\/\/www.nic.do\/politicas\/reglamento-de-la-politica-de-solucion-de-controversias\/<\/a> y el Reglamento Adicional del proveedor del servicio de soluci\u00f3n de controversias autorizado por NIC .DO.<\/p>\n<p>&nbsp;<\/p>\n<ol start=\"2\">\n<li><strong> DECLARACIONES.<\/strong><\/li>\n<\/ol>\n<p style=\"padding-left: 40px;\">Por el s\u00f3lo hecho de solicitar el registro o renovaci\u00f3n de un nombre de dominio bajo el dominio .DO el solicitante garantiza:<\/p>\n<ol>\n<li style=\"list-style-type: none;\">\n<ol>\n<li>Que las declaraciones hechas en el Acuerdo de Registro son completas y precisas;<\/li>\n<li>Que a su conocimiento el registro del nombre de dominio no infringir\u00e1 ni violar\u00e1 los derechos de terceras partes;<\/li>\n<li>Que no se est\u00e1 registrando el nombre de dominio para un prop\u00f3sito ilegal; y<\/li>\n<li>Que no se utilizar\u00e1, con conocimiento del solicitante, el nombre de dominio para violar cualquier ley o regulaci\u00f3n aplicable. Es responsabilidad del solicitante determinar si el registro del nombre de dominio infringe o viola los derechos de otros.<\/li>\n<\/ol>\n<\/li>\n<\/ol>\n<p><strong>\u00a0<\/strong><\/p>\n<ol start=\"3\">\n<li><strong> DE LAS CANCELACIONES, TRANSFERENCIAS Y CAMBIOS.<\/strong><\/li>\n<\/ol>\n<p style=\"padding-left: 40px;\">Se aceptar\u00e1n cancelaciones, transferencias y cualquier otro cambio al registro de Nombres de Dominio cuando:<\/p>\n<ol>\n<li style=\"list-style-type: none;\">\n<ol>\n<li>Sujeto a lo previsto en el p\u00e1rrafo 8 de la presente Pol\u00edtica, se reciba de forma escrita o electr\u00f3nica las instrucciones adecuadas procedentes del Titular del nombre de dominio o de una persona autorizada para tal acci\u00f3n.<\/li>\n<li>Se reciba una orden de una corte o tribunal arbitral, en cada caso de la jurisdicci\u00f3n competente, requiriendo dicha acci\u00f3n; y\/o<\/li>\n<li>Se reciba la decisi\u00f3n de un grupo administrativo de expertos requiriendo tal acci\u00f3n en cualquier procedimiento administrativo del cual el Titular haya sido parte y el cual haya sido conducido bajo esta Pol\u00edtica o cualquier versi\u00f3n posterior a esta Pol\u00edtica (V\u00e9ase el p\u00e1rrafo 4.i) y k)).<\/li>\n<\/ol>\n<\/li>\n<\/ol>\n<p><strong>\u00a0<\/strong><\/p>\n<ol start=\"4\">\n<li><strong> PROCEDIMIENTO ADMINISTRATIVO OBLIGATORIO.<\/strong><\/li>\n<\/ol>\n<p style=\"padding-left: 40px;\">El presente p\u00e1rrafo establece el tipo de controversias en las que el Titular de un nombre de dominio acepta someterse a la Pol\u00edtica de soluci\u00f3n de controversias en materia de nombres de dominios para .DO y al reglamento respectivo ante un Proveedor de servicios de soluci\u00f3n de controversias autorizado por NIC .DO.<\/p>\n<p><strong>\u00a0<\/strong><\/p>\n<p style=\"padding-left: 40px;\"><strong>a. Controversias Aplicables.<\/strong><\/p>\n<p style=\"padding-left: 40px;\">El Titular deber\u00e1 someterse a un procedimiento de soluci\u00f3n de controversias obligatorio cuando un tercero (demandante) sostenga ante el Proveedor competente, en cumplimiento del Reglamento, que:<\/p>\n<ol>\n<li style=\"list-style-type: none;\">\n<ol>\n<li>El nombre de dominio es id\u00e9ntico o confusamente similar a una marca de producto o servicio sobre la que el Demandante tiene derechos; y<\/li>\n<li>El Titular del nombre de dominio no tiene derechos o intereses leg\u00edtimos respecto al nombre de dominio; y<\/li>\n<li>El nombre de dominio ha sido registrado o se utiliza de mala fe.<\/li>\n<\/ol>\n<\/li>\n<\/ol>\n<p style=\"padding-left: 40px;\">El Demandante debe probar que est\u00e1n presentes cada uno de estos tres elementos.<\/p>\n<p>&nbsp;<\/p>\n<p style=\"padding-left: 40px;\"><strong>b. Evidencia del Registro o Uso de mala fe.<\/strong><\/p>\n<p style=\"padding-left: 40px;\">Para los prop\u00f3sitos del p\u00e1rrafo 4(a)(3), las siguientes circunstancias, entre otras, evidencian el registro o uso del nombre de dominio de mala fe.<\/p>\n<ol>\n<li style=\"list-style-type: none;\">\n<ol>\n<li>Circunstancias que indiquen que se ha registrado o adquirido el nombre de dominio principalmente con el prop\u00f3sito de vender, alquilar, o transferir de alguna forma el registro del nombre de dominio al Demandante que es el propietario de la marca del producto o servicio registrado o a un competidor del Demandante por un valor cierto que supera los costos diversos documentados que est\u00e1n relacionados directamente con el nombre de dominio; o<\/li>\n<li>Se ha registrado el nombre de dominio para evitar que el titular de la marca del producto o servicio registrado refleje la marca en el nombre de dominio correspondiente, siempre y cuando el Titular del nombre de dominio haya desarrollado una conducta de esa \u00edndole; o<\/li>\n<li>Se ha registrado el nombre de dominio fundamentalmente con el fin de perturbar la actividad comercial de un competidor; o<\/li>\n<li>Si al utilizar el nombre de dominio, se ha intentado de manera intencionada atraer, con \u00e1nimo de lucro, usuarios de Internet a su sitio Web o a cualquier otro sitio en l\u00ednea, creando la posibilidad de que exista confusi\u00f3n con la marca del demandante en cuanto a la fuente, patrocinio, afiliaci\u00f3n o promoci\u00f3n de su sitio Web o de su sitio en l\u00ednea o de un producto o servicio que figure en su sitio Web o en su sitio en l\u00ednea.<\/li>\n<\/ol>\n<\/li>\n<\/ol>\n<p><strong>\u00a0<\/strong><\/p>\n<p style=\"padding-left: 40px;\"><strong>c. Demostraci\u00f3n del derecho e inter\u00e9s leg\u00edtimo sobre el nombre de dominio en respuesta a una demanda.<\/strong><\/p>\n<p style=\"padding-left: 40px;\">Al recibir una demanda, el Titular de un nombre de dominio debe remitirse al p\u00e1rrafo\u00a05 del Reglamento para determinar la manera en que deber\u00e1 preparar su escrito de contestaci\u00f3n.\u00a0 Cualquiera de las circunstancias siguientes, entre otras, demostrar\u00e1 los derechos o leg\u00edtimos intereses sobre el nombre de dominio a los fines del p\u00e1rrafo\u00a04.a.2:<\/p>\n<ol>\n<li style=\"list-style-type: none;\">\n<ol>\n<li>Antes de haber recibido cualquier aviso de la controversia se ha utilizado el nombre de dominio o ha efectuado preparativos demostrables para su utilizaci\u00f3n, o un nombre correspondiente al nombre de dominio en relaci\u00f3n con una oferta de buena fe de productos o servicios; o<\/li>\n<li>Si el Titular (a nivel particular, de empresa u otra organizaci\u00f3n) ha sido conocido corrientemente por el nombre de dominio, aun cuando no haya adquirido derechos de marcas de productos o de servicios; o<\/li>\n<li>Se hace un uso leg\u00edtimo y leal o no comercial del nombre de dominio, sin intenci\u00f3n de desviar a los consumidores de manera equ\u00edvoca o de empa\u00f1ar el buen nombre de la marca de productos o de servicios en cuesti\u00f3n con \u00e1nimo de lucro.<\/li>\n<\/ol>\n<\/li>\n<\/ol>\n<p><strong>\u00a0<\/strong><\/p>\n<p style=\"padding-left: 40px;\"><strong>d. Selecci\u00f3n del Proveedor.<\/strong><\/p>\n<p style=\"padding-left: 40px;\">El Demandante seleccionar\u00e1 al Proveedor de entre los autorizados por NIC .DO, transmitiendo el Demandante su Demanda directamente a dicho Proveedor.\u00a0 El Proveedor seleccionado administrar\u00e1 el procedimiento excepto en los casos de consolidaci\u00f3n descritos en el p\u00e1rrafo 4.f.<\/p>\n<p><strong>\u00a0<\/strong><\/p>\n<p style=\"padding-left: 40px;\"><strong>e. Inicio del procedimiento y proceso, y nombramiento del grupo administrativo de expertos.<\/strong><\/p>\n<p style=\"padding-left: 40px;\">El Reglamento establece el proceso para el inicio y la realizaci\u00f3n de un procedimiento, as\u00ed como para el nombramiento del Grupo de Expertos que resolver\u00e1 la controversia.<\/p>\n<p><strong>\u00a0<\/strong><\/p>\n<p style=\"padding-left: 40px;\"><strong>f. De la Consolidaci\u00f3n.<\/strong><\/p>\n<p style=\"padding-left: 40px;\">En caso de que existan numerosas controversias entre el Titular de un nombre de dominio y el Demandante, tanto el Titular del nombre de dominio como el Demandante podr\u00e1n solicitar la consolidaci\u00f3n de las controversias ante un \u00fanico Grupo Administrativo de Expertos.\u00a0 Esta petici\u00f3n se efectuar\u00e1 al primer Grupo Administrativo de Expertos nombrado para atender una controversia entre las partes.\u00a0 Este Grupo Administrativo de Expertos podr\u00e1 consolidar ante s\u00ed dichas controversias haciendo uso de sus facultades, siempre y cuando las controversias consolidadas se rijan por la presente Pol\u00edtica o una versi\u00f3n posterior de la misma.<\/p>\n<p><strong>\u00a0<\/strong><\/p>\n<p style=\"padding-left: 40px;\"><strong>g. De los Honorarios.<\/strong><\/p>\n<p style=\"padding-left: 40px;\">Todas las tasas que cobre un proveedor en relaci\u00f3n con cualquier controversia ante un Grupo Administrativo de Expertos de conformidad con la presente Pol\u00edtica ser\u00e1n pagadas por el Demandante, excepto en los casos en que el Titular del nombre de dominio elija ampliar el grupo administrativo de expertos de uno a tres miembros, tal y como prev\u00e9 el p\u00e1rrafo\u00a05.b.4 del Reglamento, en cuyo caso las tasas se repartir\u00e1n equitativamente entre el Titular del nombre de dominio y el Demandante.<\/p>\n<p><strong>\u00a0<\/strong><\/p>\n<p style=\"padding-left: 40px;\"><strong>h. Participaci\u00f3n de NIC .DO en los Procedimientos Administrativos.<\/strong><\/p>\n<p style=\"padding-left: 40px;\">NIC .DO no participa ni participar\u00e1 en la administraci\u00f3n o realizaci\u00f3n de ning\u00fan procedimiento ante un Grupo Administrativo de Expertos.\u00a0 Adem\u00e1s, no tendr\u00e1 ninguna responsabilidad como consecuencia de cualquier resoluci\u00f3n dictada por un Grupo Administrativo de Expertos.<\/p>\n<p><strong>\u00a0<\/strong><\/p>\n<p style=\"padding-left: 40px;\"><strong>i. De las sanciones.<\/strong><\/p>\n<p style=\"padding-left: 40px;\">Las sanciones disponibles para un Demandante conforme a cualquier procedimiento ante un Grupo Administrativo de Expertos se limitar\u00e1n a requerir la cancelaci\u00f3n del nombre de dominio o la transferencia del registro del nombre de dominio al demandante.<\/p>\n<p><strong>\u00a0<\/strong><\/p>\n<p style=\"padding-left: 40px;\"><strong>j. De la Notificaci\u00f3n y Publicaci\u00f3n.<\/strong><\/p>\n<p style=\"padding-left: 40px;\">El proveedor notificar\u00e1 por escrito a\u00a0<strong>NIC .DO<\/strong>\u00a0cualquier resoluci\u00f3n adoptada por un Grupo Administrativo de Expertos respecto de un nombre de dominio.\u00a0 Todas las resoluciones adoptadas en virtud de la presente Pol\u00edtica se publicar\u00e1n \u00edntegramente en Internet (incluida en la p\u00e1gina de NIC .DO\u00a0https:\/\/www.nic.do) excepto cuando un Grupo Administrativo de Expertos determine de manera excepcional que se corrijan partes de la resoluci\u00f3n.<\/p>\n<p><strong>\u00a0<\/strong><\/p>\n<p style=\"padding-left: 40px;\"><strong>k. De la disponibilidad de ciertos procedimientos.<\/strong><\/p>\n<p style=\"padding-left: 40px;\">Los requisitos establecidos en el p\u00e1rrafo\u00a04 para el Procedimiento Administrativo obligatorio no impedir\u00e1n que el Titular o Demandante someta la controversia a un tribunal de la jurisdicci\u00f3n competente a fin de obtener una resoluci\u00f3n independiente antes de que se inicie dicho procedimiento o despu\u00e9s de su conclusi\u00f3n.\u00a0 Si un Grupo Administrativo de Expertos decide que el registro de un nombre de dominio debe cancelarse o cederse, NIC .DO esperar\u00e1 diez (10) d\u00edas h\u00e1biles tras haber sido informado por el Proveedor aplicable de la resoluci\u00f3n del Grupo Administrativo de Expertos antes de ejecutar la resoluci\u00f3n,\u00a0 a menos que NIC .DO reciba durante ese per\u00edodo de diez (10) d\u00edas h\u00e1biles, documentos oficiales (como la copia de una demanda, sellada por el oficial del juzgado) que indiquen que el Titular ha iniciado una demanda judicial contra el Demandante en una jurisdicci\u00f3n a la que se haya sometido el Demandante en virtud del p\u00e1rrafo\u00a03.b.13 del Reglamento, esto es los tribunales de la Rep\u00fablica Dominicana (v\u00e9anse los p\u00e1rrafos\u00a01 y 3.b.13 del Reglamento), en cuyo caso NIC .DO no ejecutar\u00e1 la resoluci\u00f3n del Grupo Administrativo de Expertos ni adoptar\u00e1 ninguna medida hasta que haya recibido:<\/p>\n<ol>\n<li style=\"list-style-type: none;\">\n<ol>\n<li>Evidencias satisfactorias de que se ha producido una soluci\u00f3n entre las partes;<\/li>\n<li>Evidencias satisfactorias de que la demanda judicial ha sido rechazada o retirada; o<\/li>\n<li>una copia de una orden dictada por dicho tribunal por la que se rechaza la demanda o se ordena que el Titular no tiene derecho a continuar utilizando el nombre de dominio.<\/li>\n<\/ol>\n<\/li>\n<\/ol>\n<p><strong>\u00a0<\/strong><\/p>\n<ol start=\"5\">\n<li><strong> DE LAS DEM\u00c1S CONTROVERSIAS.<\/strong><\/li>\n<\/ol>\n<p style=\"padding-left: 40px;\">El resto de las controversias entre el Titular y una tercera parte distinta a NIC .DO relativas al registro de un nombre de dominio no contempladas en virtud de las disposiciones del p\u00e1rrafo\u00a04 sobre el procedimiento administrativo obligatorio, se resolver\u00e1n entre las partes a trav\u00e9s del derecho com\u00fan.<\/p>\n<p><strong>\u00a0<\/strong><\/p>\n<ol start=\"6\">\n<li><strong> PARTICIPACI\u00d3N DE NIC .DO EN LAS CONTROVERSIAS.<\/strong><\/li>\n<\/ol>\n<p style=\"padding-left: 40px;\">NIC .DO no participar\u00e1 de ninguna manera en cualquier controversia que surja entre el Titular de un nombre de dominio y una tercera parte distinta a NIC .DO en lo relativo al registro y utilizaci\u00f3n de un nombre de dominio.\u00a0 El Titular de un nombre de dominio no nombrar\u00e1 a NIC .DO en calidad de parte ni lo incluir\u00e1 de otra manera en dicho procedimiento.\u00a0 En caso de que NIC .DO sea nombrado en calidad de parte en dicho procedimiento, NIC .DO se reserva el derecho a formular todas las defensas que considere apropiadas y a adoptar cualquier otra medida necesaria para su defensa.<\/p>\n<p><strong>\u00a0<\/strong><\/p>\n<ol start=\"7\">\n<li><strong> MANTENIMIENTO DE LA CONDICI\u00d3N JUR\u00cdDICA.<\/strong><\/li>\n<\/ol>\n<p style=\"padding-left: 40px;\">NIC .DO no cancelar\u00e1, transferir\u00e1, activar\u00e1, desactivar\u00e1 o cambiar\u00e1 de otra manera la condici\u00f3n jur\u00eddica de cualquier registro de nombre de dominio en virtud de la presente Pol\u00edtica a excepci\u00f3n de lo previsto en el p\u00e1rrafo\u00a03.<\/p>\n<p><strong>\u00a0<\/strong><\/p>\n<ol start=\"8\">\n<li><strong> DE LAS TRANSFERENCIAS DURANTE UNA CONTROVERSIA.<\/strong><\/li>\n<\/ol>\n<p style=\"padding-left: 40px;\"><strong>Cesiones de un nombre de dominio a un nuevo titular.<\/strong>\u00a0 El Titular no podr\u00e1 ceder o transferir su registro de nombre de dominio a otro titular:<\/p>\n<ol>\n<li style=\"list-style-type: none;\">\n<ol>\n<li>Durante un procedimiento administrativo pendiente iniciado de conformidad con el p\u00e1rrafo\u00a04 o durante un per\u00edodo de quince (15) d\u00edas h\u00e1biles (por d\u00edas h\u00e1biles se entender\u00e1n los d\u00edas vigentes en la oficina principal de NIC .DO) a partir de la conclusi\u00f3n de dicho procedimiento;<\/li>\n<li>Durante un procedimiento judicial o arbitraje pendientes iniciados en relaci\u00f3n con su nombre de dominio a no ser que la parte a la que se ceda el registro del nombre de dominio acepte, por escrito, que la resoluci\u00f3n del tribunal o del \u00e1rbitro sea de car\u00e1cter obligatorio. NIC .DO se reserva el derecho a cancelar cualquier cesi\u00f3n de registro de un nombre de dominio a otro titular que infrinja lo establecido en el presente apartado.<\/li>\n<\/ol>\n<\/li>\n<\/ol>\n<p><strong>\u00a0<\/strong><\/p>\n<ol start=\"9\">\n<li><strong> MODIFICACI\u00d3N DE LA POL\u00cdTICA.<\/strong><\/li>\n<\/ol>\n<p style=\"padding-left: 40px;\">NIC .DO se reserva el derecho a modificar en cualquier momento la presente Pol\u00edtica.\u00a0 Cualquier modificaci\u00f3n realizada a la presente Pol\u00edtica ser\u00e1 publicada por lo menos treinta (30) d\u00edas antes de su entrada en vigor en la p\u00e1gina de Internet de NIC .DO\u00a0(https:\/\/www.nic.do) a los fines de que cualquier interesado aporte sus comentarios al cambio sugerido.\u00a0 Transcurrido este plazo se aplicar\u00e1n los cambios y modificaciones de la Pol\u00edtica a cualquier conflicto posterior a la fecha de la implantaci\u00f3n del cambio.<\/p>\n[\/vc_column_text][\/vc_column][\/vc_row][vc_row][vc_column][mk_padding_divider size=&#8221;60&#8243;][\/vc_column][\/vc_row]\n<\/div>","protected":false},"excerpt":{"rendered":"<p>[mk_page_section bg_color=&#8221;#ededed&#8221; blend_mode=&#8221;multiply&#8221; bg_repeat=&#8221;no-repeat&#8221; bg_stretch=&#8221;true&#8221; video_opacity=&#8221;0.9&#8243; min_height=&#8221;0&#8243; js_vertical_centered=&#8221;true&#8221; padding_top=&#8221;0&#8243; padding_bottom=&#8221;0&#8243; sidebar=&#8221;sidebar-1&#8243;][vc_column][mk_padding_divider size=&#8221;60&#8243;][mk_fancy_title tag_name=&#8221;h1&#8243; size=&#8221;35&#8243; line_height=&#8221;95&#8243; font_weight=&#8221;bold&#8221; txt_transform=&#8221;uppercase&#8221; margin_bottom=&#8221;0&#8243; font_family=&#8221;none&#8221;]Dispute Resolution\u00a0Policy[\/mk_fancy_title][mk_padding_divider][\/vc_column][\/mk_page_section][vc_row][vc_column][mk_padding_divider size=&#8221;60&#8243;][\/vc_column][\/vc_row][vc_row][vc_column][mk_message_box]Note: This policy has been established in Spanish.[\/mk_message_box][mk_padding_divider size=&#8221;20&#8243;][vc_column_text disable_pattern=&#8221;false&#8221; margin_bottom=&#8221;40&#8243; css=&#8221;.vc_custom_1716578990000{margin-bottom: 40px !important;}&#8221;]Fecha de entrada en vigencia: 6 de octubre del 2009 \u00daltima modificaci\u00f3n: 23 de abril del 2024, en vigencia a partir del [&hellip;]<\/p>\n","protected":false},"author":1,"featured_media":0,"parent":5016,"menu_order":0,"comment_status":"closed","ping_status":"closed","template":"","meta":{"_monsterinsights_skip_tracking":false,"_monsterinsights_sitenote_active":false,"_monsterinsights_sitenote_note":"","_monsterinsights_sitenote_category":0,"footnotes":""},"class_list":["post-5575","page","type-page","status-publish","hentry"],"_links":{"self":[{"href":"https:\/\/www.nic.do\/en\/wp-json\/wp\/v2\/pages\/5575","targetHints":{"allow":["GET"]}}],"collection":[{"href":"https:\/\/www.nic.do\/en\/wp-json\/wp\/v2\/pages"}],"about":[{"href":"https:\/\/www.nic.do\/en\/wp-json\/wp\/v2\/types\/page"}],"author":[{"embeddable":true,"href":"https:\/\/www.nic.do\/en\/wp-json\/wp\/v2\/users\/1"}],"replies":[{"embeddable":true,"href":"https:\/\/www.nic.do\/en\/wp-json\/wp\/v2\/comments?post=5575"}],"version-history":[{"count":10,"href":"https:\/\/www.nic.do\/en\/wp-json\/wp\/v2\/pages\/5575\/revisions"}],"predecessor-version":[{"id":6399,"href":"https:\/\/www.nic.do\/en\/wp-json\/wp\/v2\/pages\/5575\/revisions\/6399"}],"up":[{"embeddable":true,"href":"https:\/\/www.nic.do\/en\/wp-json\/wp\/v2\/pages\/5016"}],"wp:attachment":[{"href":"https:\/\/www.nic.do\/en\/wp-json\/wp\/v2\/media?parent=5575"}],"curies":[{"name":"wp","href":"https:\/\/api.w.org\/{rel}","templated":true}]}}