{"id":5561,"date":"2017-02-15T11:16:09","date_gmt":"2017-02-15T11:16:09","guid":{"rendered":"https:\/\/wp.nic.do\/?page_id=5561"},"modified":"2019-07-31T14:14:39","modified_gmt":"2019-07-31T14:14:39","slug":"politica-de-seguridad","status":"publish","type":"page","link":"https:\/\/www.nic.do\/en\/policies\/security-policy\/","title":{"rendered":"Security Policy"},"content":{"rendered":"<div class=\"wpb-content-wrapper\">[mk_page_section bg_color=&#8221;#ededed&#8221; blend_mode=&#8221;multiply&#8221; bg_repeat=&#8221;no-repeat&#8221; bg_stretch=&#8221;true&#8221; video_opacity=&#8221;0.9&#8243; min_height=&#8221;0&#8243; js_vertical_centered=&#8221;true&#8221; padding_top=&#8221;0&#8243; padding_bottom=&#8221;0&#8243; sidebar=&#8221;sidebar-1&#8243;][vc_column][mk_padding_divider size=&#8221;60&#8243;][mk_fancy_title tag_name=&#8221;h1&#8243; size=&#8221;35&#8243; line_height=&#8221;95&#8243; font_weight=&#8221;bold&#8221; txt_transform=&#8221;uppercase&#8221; margin_bottom=&#8221;0&#8243; font_family=&#8221;none&#8221;]Security Policy[\/mk_fancy_title][mk_padding_divider][\/vc_column][\/mk_page_section][vc_row][vc_column][mk_padding_divider size=&#8221;60&#8243;][\/vc_column][\/vc_row][vc_row][vc_column][vc_column_text disable_pattern=&#8221;false&#8221; margin_bottom=&#8221;40&#8243;]<strong>Date of entry in effect: <\/strong>from january 2017<br \/>\n<strong>Last modification:<\/strong> from 20th of february 2017<\/p>\n<h3>Information Security Policy<\/h3>\n<p>We implemented the following security measures to protect against the loss, misuse or alteration of information under our control: Internal reviews of our storage, treatment and security measures practices, as well as physical security measures to protect unauthorized access to systems in which we store personal data.<\/p>\n<p>Access to our websites www.nic.do and www.midominio.do is done only through SSL (Secure Socket Layer) protocol which provides protection in the transmission of information. Also the collection of information related to your access key is made through the website www.midominio.do and it is stored in encrypted form.<\/p>\n<p>Likewise, the information shared with the electronic payment processing entity travels through private channels in an encrypted way. This strategy mitigates the risk of alteration or subtraction of data by malicious third parties during the transmission. NIC .DO only stores the type of card and the last 4 digits of the numbering of the card used for the purpose of relating the transaction to the data of the related user.<\/p>\n<p>In addition, NIC .DO offers the following additional security mechanisms:<\/p>\n<ul>\n<li>Domain transfer blocking service, whose purpose is to prevent the hijacking or transfer of a domain without previous and explicit authorization of the owner or person in charge of the domain. This service is enabled by default at the time of registration.<\/li>\n<li>Two-step verification service is a security process in which you provide two means of identification. You will be prompted to log in with your password and a code sent to your phone.<\/li>\n<\/ul>\n<p>For the execution of transactions and operations in NIC .DO we recommend:<\/p>\n<ul>\n<li>Enable the security mechanisms of Domain Blocking and 2-Step Verification<\/li>\n<li>Keep your password and credit card data used strictly confidential, such as: number, card type, expiration date and CVV \/ CVC security number.<\/li>\n<li>Periodically change your access password to our web platform.<\/li>\n<li>Never send confidential information by mail, fax or phone.<\/li>\n<\/ul>\n<h3>Language of the policy<\/h3>\n<p>This Policy has been established in Spanish, providing a translation of it, is provided for reference purposes only. In case of conflict between the Spanish version and the translated version, the Spanish version will prevail.<\/p>\n<h3>Term of policy.<\/h3>\n<p>NIC .DO reserves the right to modify this Security Policy periodically, said changes or modifications will be effective immediately after they have been published in our websites www.nic.do and www.midominio.do. Your use of the websites after such changes means that you accept the modified Privacy Statement.<\/p>\n<h3>Contact NIC .DO<\/h3>\n<p>If you have any questions about this policy, please contact us by email at <a href=\"mailto:info@nic.do\">info@nic.do<\/a><\/p>\n<p>NIC .DO<br \/>\nPontificia Universidad Cat\u00f3lica Madre y Maestra<br \/>\nEdificio Padre Jos\u00e9 Lu\u00eds Alem\u00e1n, S. J.<br \/>\nAv. R\u00f3mulo Betancourt 1108, La Julia<br \/>\nSanto Domingo, D.N.<br \/>\nDominican Republic[\/vc_column_text][\/vc_column][\/vc_row][vc_row][vc_column][mk_padding_divider size=&#8221;60&#8243;][\/vc_column][\/vc_row]\n<\/div>","protected":false},"excerpt":{"rendered":"<p>[mk_page_section bg_color=&#8221;#ededed&#8221; blend_mode=&#8221;multiply&#8221; bg_repeat=&#8221;no-repeat&#8221; bg_stretch=&#8221;true&#8221; video_opacity=&#8221;0.9&#8243; min_height=&#8221;0&#8243; js_vertical_centered=&#8221;true&#8221; padding_top=&#8221;0&#8243; padding_bottom=&#8221;0&#8243; sidebar=&#8221;sidebar-1&#8243;][vc_column][mk_padding_divider size=&#8221;60&#8243;][mk_fancy_title tag_name=&#8221;h1&#8243; size=&#8221;35&#8243; line_height=&#8221;95&#8243; font_weight=&#8221;bold&#8221; txt_transform=&#8221;uppercase&#8221; margin_bottom=&#8221;0&#8243; font_family=&#8221;none&#8221;]Security Policy[\/mk_fancy_title][mk_padding_divider][\/vc_column][\/mk_page_section][vc_row][vc_column][mk_padding_divider size=&#8221;60&#8243;][\/vc_column][\/vc_row][vc_row][vc_column][vc_column_text disable_pattern=&#8221;false&#8221; margin_bottom=&#8221;40&#8243;]Date of entry in effect: from january 2017 Last modification: from 20th of february 2017 Information Security Policy We implemented the following security measures to protect against the loss, misuse or alteration of [&hellip;]<\/p>\n","protected":false},"author":1,"featured_media":0,"parent":5016,"menu_order":0,"comment_status":"closed","ping_status":"closed","template":"","meta":{"_monsterinsights_skip_tracking":false,"_monsterinsights_sitenote_active":false,"_monsterinsights_sitenote_note":"","_monsterinsights_sitenote_category":0,"footnotes":""},"class_list":["post-5561","page","type-page","status-publish","hentry"],"_links":{"self":[{"href":"https:\/\/www.nic.do\/en\/wp-json\/wp\/v2\/pages\/5561","targetHints":{"allow":["GET"]}}],"collection":[{"href":"https:\/\/www.nic.do\/en\/wp-json\/wp\/v2\/pages"}],"about":[{"href":"https:\/\/www.nic.do\/en\/wp-json\/wp\/v2\/types\/page"}],"author":[{"embeddable":true,"href":"https:\/\/www.nic.do\/en\/wp-json\/wp\/v2\/users\/1"}],"replies":[{"embeddable":true,"href":"https:\/\/www.nic.do\/en\/wp-json\/wp\/v2\/comments?post=5561"}],"version-history":[{"count":2,"href":"https:\/\/www.nic.do\/en\/wp-json\/wp\/v2\/pages\/5561\/revisions"}],"predecessor-version":[{"id":6290,"href":"https:\/\/www.nic.do\/en\/wp-json\/wp\/v2\/pages\/5561\/revisions\/6290"}],"up":[{"embeddable":true,"href":"https:\/\/www.nic.do\/en\/wp-json\/wp\/v2\/pages\/5016"}],"wp:attachment":[{"href":"https:\/\/www.nic.do\/en\/wp-json\/wp\/v2\/media?parent=5561"}],"curies":[{"name":"wp","href":"https:\/\/api.w.org\/{rel}","templated":true}]}}