{"id":5036,"date":"2016-10-02T22:17:34","date_gmt":"2016-10-02T22:17:34","guid":{"rendered":"http:\/\/wp.nic.do\/?page_id=5036"},"modified":"2017-03-23T19:10:56","modified_gmt":"2017-03-23T19:10:56","slug":"memorias-25-anos","status":"publish","type":"page","link":"https:\/\/www.nic.do\/en\/about-nic-do\/25-years-of-the-delegation-of-the-do\/","title":{"rendered":"25 Years of the Delegation of the .do"},"content":{"rendered":"<div class=\"wpb-content-wrapper\">[mk_page_section bg_color=&#8221;#ededed&#8221; blend_mode=&#8221;multiply&#8221; bg_repeat=&#8221;no-repeat&#8221; bg_stretch=&#8221;true&#8221; video_opacity=&#8221;0.9&#8243; min_height=&#8221;0&#8243; js_vertical_centered=&#8221;true&#8221; padding_top=&#8221;0&#8243; padding_bottom=&#8221;0&#8243; sidebar=&#8221;sidebar-1&#8243;][vc_column][mk_padding_divider size=&#8221;60&#8243;][mk_fancy_title tag_name=&#8221;h1&#8243; size=&#8221;35&#8243; line_height=&#8221;95&#8243; font_weight=&#8221;bold&#8221; txt_transform=&#8221;uppercase&#8221; margin_bottom=&#8221;0&#8243; font_family=&#8221;none&#8221;]25 Years of the Delegation of the .do[\/mk_fancy_title][mk_padding_divider][\/vc_column][\/mk_page_section][vc_row][vc_column][mk_padding_divider size=&#8221;60&#8243;][\/vc_column][\/vc_row][vc_row][vc_column width=&#8221;1\/3&#8243;][vc_wp_custommenu nav_menu=&#8221;11&#8243;][\/vc_column][vc_column width=&#8221;2\/3&#8243;][vc_single_image image=&#8221;5961&#8243; img_size=&#8221;full&#8221; alignment=&#8221;center&#8221;][vc_column_text]\n<h3 style=\"text-align: center;\">25th Anniversary Celebration<\/h3>\n<p>In August 2016 the .do celebrated the 25 years of its delegation, this event served as a framework for carrying out various activities that resulted in the benefit of the local Internet community.[\/vc_column_text][vc_column_text]\n<p style=\"text-align: center;\"><img loading=\"lazy\" decoding=\"async\" class=\"aligncenter size-full wp-image-5901\" src=\"https:\/\/wp.nic.do\/wp-content\/uploads\/2016\/10\/logo-semana-de-internet.png\" alt=\"logo-semana-de-internet\" width=\"600\" height=\"213\" srcset=\"https:\/\/www.nic.do\/wp-content\/uploads\/2016\/10\/logo-semana-de-internet.png 600w, https:\/\/www.nic.do\/wp-content\/uploads\/2016\/10\/logo-semana-de-internet-300x107.png 300w, https:\/\/www.nic.do\/wp-content\/uploads\/2016\/10\/logo-semana-de-internet-330x117.png 330w, https:\/\/www.nic.do\/wp-content\/uploads\/2016\/10\/logo-semana-de-internet-414x147.png 414w\" sizes=\"auto, (max-width: 600px) 100vw, 600px\" \/><\/p>\n<p>During the week of August 22nd to 25th, 2016, with the support and collaboration of the organizations belonging to the Internet ecosystem, we held the &#8220;<a href=\"http:\/\/semanadeinternet.do\" target=\"_blank\">RD Internet Week<\/a>&#8221; event, a space that served to share experiences and knowledge on technical aspects and policies and in which issues of relevance and timeliness were discussed, in this framework the workshops were offered:<\/p>\n<ul>\n<li><strong>LACTLD Technical Workshop<\/strong>, aimed at ccTLD technical staff<\/li>\n<li><strong>LACNIC ON THE MOVE workshop<\/strong>, focused on sharing information, experiences and best practices on cybersecurity, IPv6 deployment, best practices in traffic exchange points, among others.<\/li>\n<li><strong>The AMPARO Project<\/strong>, an initiative that LACNIC has been promoting since 2009, which encourages the adoption of computer security practices, such as the CSIRT (Security Response Incident Response Centers).<\/li>\n<li><strong>RD Governance Forum<\/strong>, which discussed issues of great relevance such as the challenges and opportunities of human rights online; Spam; Privacy and security; Generalized online surveillance, among others.<\/li>\n<li><strong>LAC DNS Forum<\/strong>, focused on issues such as the DNS market in Latin America and the Caribbean, global initiatives and regional initiatives; Impact of new gTLDs for the region, on DNS security; ICANN and policy development processes.<\/li>\n<\/ul>\n<p>The event welcomed more than 300 people, 85% of the local community, with broad participation of the government, education, technical community and civil society sectors.<\/p>\n<p>NIC .DO thanks the individuals and organizations that accompanied us during the week, in particular to the Pontificia Universidad Cat\u00f3lica Madre y Maestra\u00a0(PUCMM), Internet Corporation for Assigned Names and Numbers (ICANN), Registry of (LACNIC), the Latin American and Caribbean ccTLD Organization (LACTLD), the Dominican Internet Society Chapter (ISOC RD) and the Dominican Institute of Telecommunications (INDOTEL) . We also thank CLARO for being the Internet service provider of the event.[\/vc_column_text][vc_column_text]\n<h3 style=\"text-align: center;\">Memories for 25 years<\/h3>\n<p>We take the opportunity to present\u00a0in a document the path of development of NIC .DO, starting from the delegation of the .do to thePontificia Universidad Cat\u00f3lica Madre y Maestra until the current moments.[\/vc_column_text][mk_button size=&#8221;medium&#8221; url=&#8221;\/en\/about-nic-do\/memorias\/&#8221; align=&#8221;center&#8221;]Know more[\/mk_button][mk_padding_divider][vc_column_text]\n<h3 style=\"text-align: center;\">Commemorative act<\/h3>\n<p>On August 25, 2016, we held a commemorative event for the 25th anniversary of the .do delegation in which G\u00f6ran Marby, President and CEO of ICANN, was\u00a0a keynote speaker.[\/vc_column_text][mk_gallery images=&#8221;5871,5876,5875&#8243; height=&#8221;150&#8243; overlay_color=&#8221;#2963b1&#8243;][vc_column_text]During the course of this event, a framework agreement was signed between PUCMM and the Internet Corporation for Assigned Names and Numbers (ICANN), which was signed by Pbro. Dr. Alfredo de la Cruz Baldera, Grand Chancellor PUCMM, and G\u00f6ran Marby, CEO of ICANN respectively.<\/p>\n<p>Also, within the framework of this activity NIC .DO made a recognition to personalities and local organizations for their contribution to the development of the Internet in the country:<\/p>\n<ul>\n<li>Dr. Radham\u00e9s Mej\u00eda<\/li>\n<li>Ing. \u00c1lvaro Nadal (posthumous)<\/li>\n<li>Monse\u00f1or Agripino N\u00fa\u00f1ez Collado<\/li>\n<li>INDOTEL, received by its president, Lic. Jos\u00e9 del Castillo Savi\u00f1\u00f3n<\/li>\n<\/ul>\n[\/vc_column_text][\/vc_column][\/vc_row][vc_row][vc_column][mk_padding_divider size=&#8221;70&#8243;][\/vc_column][\/vc_row]\n<\/div>","protected":false},"excerpt":{"rendered":"<p>[mk_page_section bg_color=&#8221;#ededed&#8221; blend_mode=&#8221;multiply&#8221; bg_repeat=&#8221;no-repeat&#8221; bg_stretch=&#8221;true&#8221; video_opacity=&#8221;0.9&#8243; min_height=&#8221;0&#8243; js_vertical_centered=&#8221;true&#8221; padding_top=&#8221;0&#8243; padding_bottom=&#8221;0&#8243; sidebar=&#8221;sidebar-1&#8243;][vc_column][mk_padding_divider size=&#8221;60&#8243;][mk_fancy_title tag_name=&#8221;h1&#8243; size=&#8221;35&#8243; line_height=&#8221;95&#8243; font_weight=&#8221;bold&#8221; txt_transform=&#8221;uppercase&#8221; margin_bottom=&#8221;0&#8243; font_family=&#8221;none&#8221;]25 Years of the Delegation of the .do[\/mk_fancy_title][mk_padding_divider][\/vc_column][\/mk_page_section][vc_row][vc_column][mk_padding_divider size=&#8221;60&#8243;][\/vc_column][\/vc_row][vc_row][vc_column width=&#8221;1\/3&#8243;][vc_wp_custommenu nav_menu=&#8221;11&#8243;][\/vc_column][vc_column width=&#8221;2\/3&#8243;][vc_single_image image=&#8221;5961&#8243; img_size=&#8221;full&#8221; alignment=&#8221;center&#8221;][vc_column_text] 25th Anniversary Celebration In August 2016 the .do celebrated the 25 years of its delegation, this event served as a framework for [&hellip;]<\/p>\n","protected":false},"author":1,"featured_media":0,"parent":5028,"menu_order":0,"comment_status":"closed","ping_status":"closed","template":"","meta":{"_monsterinsights_skip_tracking":false,"_monsterinsights_sitenote_active":false,"_monsterinsights_sitenote_note":"","_monsterinsights_sitenote_category":0,"footnotes":""},"class_list":["post-5036","page","type-page","status-publish","hentry"],"_links":{"self":[{"href":"https:\/\/www.nic.do\/en\/wp-json\/wp\/v2\/pages\/5036","targetHints":{"allow":["GET"]}}],"collection":[{"href":"https:\/\/www.nic.do\/en\/wp-json\/wp\/v2\/pages"}],"about":[{"href":"https:\/\/www.nic.do\/en\/wp-json\/wp\/v2\/types\/page"}],"author":[{"embeddable":true,"href":"https:\/\/www.nic.do\/en\/wp-json\/wp\/v2\/users\/1"}],"replies":[{"embeddable":true,"href":"https:\/\/www.nic.do\/en\/wp-json\/wp\/v2\/comments?post=5036"}],"version-history":[{"count":45,"href":"https:\/\/www.nic.do\/en\/wp-json\/wp\/v2\/pages\/5036\/revisions"}],"predecessor-version":[{"id":5962,"href":"https:\/\/www.nic.do\/en\/wp-json\/wp\/v2\/pages\/5036\/revisions\/5962"}],"up":[{"embeddable":true,"href":"https:\/\/www.nic.do\/en\/wp-json\/wp\/v2\/pages\/5028"}],"wp:attachment":[{"href":"https:\/\/www.nic.do\/en\/wp-json\/wp\/v2\/media?parent=5036"}],"curies":[{"name":"wp","href":"https:\/\/api.w.org\/{rel}","templated":true}]}}